{"id":172,"date":"2022-12-02T19:19:11","date_gmt":"2022-12-02T18:19:11","guid":{"rendered":"https:\/\/moulindereflexion.com\/?page_id=172"},"modified":"2022-12-21T11:27:15","modified_gmt":"2022-12-21T10:27:15","slug":"praktische-informationen","status":"publish","type":"page","link":"https:\/\/moulindereflexion.com\/fr\/praktische-informationen\/","title":{"rendered":"Praktische Informationen"},"content":{"rendered":"<h1 class=\"wp-block-heading\">Anfahrt \/ Abfahrt<\/h1>\n\n\n\n<p>Da der \u00f6ffentliche Verkehr in Frankreich auf dem Land nur sp\u00e4rlich ausgebaut ist (drei Busse pro Tag) ist es schwierig, ohne eigenes Fahrzeug Ausfl\u00fcge oder Einkaufe zu machen.  Wir empfehlen daher einen eigenen fahrenden Untersatz mitzubringen. Im Minimum: ein Fahrrad.<\/p>\n\n\n\n<h1 class=\"wp-block-heading\">Einkaufen<\/h1>\n\n\n\n<p>Im Dorf Brebotte selber gibt es keinen Laden und auch keine B\u00e4ckerei. Die n\u00e4chste Einkaufsgelegenheit ist ein <a href=\"https:\/\/goo.gl\/maps\/QjY8PUhYgTjUwt376\">Colruyt Supermarkt in Montreux-Ch\u00e2teau<\/a> (5 km). <\/p>\n\n\n\n<p>Die Stadt Belfort ist 13 km, und Delle (Grenzort zur Schweiz mit SBB-Bahnhof) 10 km von Brebotte entfernt. Beide Orte offerieren ein breites Spektrum an Einkaufsm\u00f6glichkeiten. <\/p>\n\n\n\n<h1 class=\"wp-block-heading\">Restaurants<\/h1>\n\n\n\n<p>In der n\u00e4heren Umgebung gibt es vier Restaurants:<\/p>\n\n\n\n<ul class=\"wp-block-list\">\n<li>In Brebotte (1km): <a href=\"https:\/\/l-auberge-du-canal.edan.io\/\">L\u2019Auberge du Canal<\/a><\/li>\n\n\n\n<li>In Montreux-Ch\u00e2teau (5 km): <a href=\"https:\/\/www.restaurant-la-peniche.fr\/\">La P\u00e9niche<\/a><\/li>\n\n\n\n<li>In Chavannes-les-Grands (6 km)&nbsp;: <a href=\"https:\/\/goo.gl\/maps\/dcGNVb4Jxc1AyqQG9\">Le Chalet<\/a><\/li>\n\n\n\n<li>In Florimont\u00a0(6km, zwischen Vellescot und Suarce) : <a href=\"https:\/\/www.restaurant-ecrevisse-florimont.fr\/\">L\u2019Ecrevisse<\/a><\/li>\n<\/ul>\n\n\n\n<h1 class=\"wp-block-heading\">Ausfl\u00fcge \/ Unternehmungen<\/h1>\n\n\n\n<p>Die <a href=\"http:\/\/www.brebotte.fr\/\">Gemeinde Brebotte<\/a> beherbergt das \u00ab<a href=\"https:\/\/museebrebotte.fr\/\">Mus\u00e9e de l\u2019Artisanat<\/a>\u00bb mit Bibliothek. <\/p>\n\n\n\n<p>Der Verein \u00abVivre Ensemble\u00bb, welcher ebenfalls das Museum am Leben erh\u00e4lt, organisiert jedes Jahr im Juli an drei Abenden ein grosses Freiluft-Theater \u00ab<a href=\"https:\/\/www.museebrebotte.fr\/journees-medievales-2022\">spectacle historique<\/a>\u00bb mit abendlich um die 1000 Zuschauer*innen.<\/p>\n\n\n\n<p>Brebotte liegt am Rhein-Rhone-Kanal, der vom Fahrradweg \u00abEuroV\u00e9lo 6\u00bb ges\u00e4umt wird. Deshalb eignet sich die Moulin de R\u00e9flexion gut als Ausgangsort f\u00fcr (flache) Fahrrad-Ausfl\u00fcge. Wer es lieber etwas bergig hat, ist relativ bald in den Vogesen, z.B. auf dem Ballon d\u2019Alsace (je nach Route 40 bis 50 Km).<\/p>\n\n\n\n<p>Weitere Ausflugsm\u00f6glichkeiten:<\/p>\n\n\n\n<ul class=\"wp-block-list\">\n<li>Belfort: Zitadelle und die Kathedrale St. Christophe (15 Minuten)<\/li>\n\n\n\n<li>Ronchamp: Kapelle und Kloster \u00abNotre Dame du Haut\u00bb, von le Corbusier<\/li>\n\n\n\n<li>Colmar: Malerische und gut erhaltene Altstadt (ca. 1 Stunde mit Auto)<\/li>\n\n\n\n<li>In der grenznahen Schweiz: Pruntrut, St. Ursanne und Bellelay (Kloster)<\/li>\n<\/ul>\n\n\n\n<p>F\u00fcr M\u00fchleninteressierte: In <a href=\"https:\/\/www.visit.alsace\/242012955-le-moulin-de-courtelevant\/\">Courtelevant gibt es ein M\u00fchlenmuseum<\/a> und in Bethonvilliers eine <a href=\"https:\/\/www.moulin-thuriot.fr\/\">M\u00fchle, die noch in Betrieb<\/a> ist mit Laden.<\/p>\n\n\n\n<p><\/p>\n\n\n\nngg_shortcode_0_placeholder","protected":false},"excerpt":{"rendered":"<p>Anfahrt \/ Abfahrt Da der \u00f6ffentliche Verkehr in Frankreich auf dem Land nur sp\u00e4rlich ausgebaut ist (drei Busse pro Tag) ist es schwierig, ohne eigenes Fahrzeug Ausfl\u00fcge oder Einkaufe zu machen. Wir empfehlen daher einen eigenen fahrenden Untersatz mitzubringen. Im &hellip; <a href=\"https:\/\/moulindereflexion.com\/fr\/praktische-informationen\/\">Continuer la lecture <span class=\"meta-nav\">&rarr;<\/span><\/a><\/p>","protected":false},"author":1,"featured_media":0,"parent":0,"menu_order":0,"comment_status":"closed","ping_status":"closed","template":"","meta":{"ngg_post_thumbnail":0,"footnotes":""},"class_list":["post-172","page","type-page","status-publish","hentry"],"_links":{"self":[{"href":"https:\/\/moulindereflexion.com\/fr\/wp-json\/wp\/v2\/pages\/172","targetHints":{"allow":["GET"]}}],"collection":[{"href":"https:\/\/moulindereflexion.com\/fr\/wp-json\/wp\/v2\/pages"}],"about":[{"href":"https:\/\/moulindereflexion.com\/fr\/wp-json\/wp\/v2\/types\/page"}],"author":[{"embeddable":true,"href":"https:\/\/moulindereflexion.com\/fr\/wp-json\/wp\/v2\/users\/1"}],"replies":[{"embeddable":true,"href":"https:\/\/moulindereflexion.com\/fr\/wp-json\/wp\/v2\/comments?post=172"}],"version-history":[{"count":15,"href":"https:\/\/moulindereflexion.com\/fr\/wp-json\/wp\/v2\/pages\/172\/revisions"}],"predecessor-version":[{"id":317,"href":"https:\/\/moulindereflexion.com\/fr\/wp-json\/wp\/v2\/pages\/172\/revisions\/317"}],"wp:attachment":[{"href":"https:\/\/moulindereflexion.com\/fr\/wp-json\/wp\/v2\/media?parent=172"}],"curies":[{"name":"wp","href":"https:\/\/api.w.org\/{rel}","templated":true}]}}