{"id":2,"date":"2022-11-24T15:17:38","date_gmt":"2022-11-24T14:17:38","guid":{"rendered":"https:\/\/moulindereflexion.com\/?page_id=2"},"modified":"2022-12-21T10:20:56","modified_gmt":"2022-12-21T09:20:56","slug":"die-reflexionsmuehle","status":"publish","type":"page","link":"https:\/\/moulindereflexion.com\/fr\/","title":{"rendered":"Die Reflexionsm\u00fchle"},"content":{"rendered":"<p>Die M\u00fchle in Brebotte war bis 1999 in Betrieb. Im Jahr 2016 wurde sie vom jetzigen Besitzer \u00fcbernommen und zu einem Ort der Reflexion oder auch der Entspannung ausgebaut. <\/p>\n\n\n\n<p>Nebst G\u00e4stezimmern gibt es einen grossen Arbeits- oder Seminarraum, einen Ess- und Aufenthaltsraum sowie eine K\u00fcche. Ausserdem steht ein park\u00e4hnliches Grundst\u00fcck mit grossem Teich zur Verf\u00fcgung. <\/p>\n\n\n\n<p>Die Reflexionsm\u00fchle eignet sich daher als R\u00fcckzugsort f\u00fcr <a href=\"https:\/\/moulindereflexion.com\/fr\/aufenthalt\/\" data-type=\"page\" data-id=\"23\">Seminare, Workshops oder andere Gruppenaktivit\u00e4ten, aber auch f\u00fcr Ferienaufenthalte<\/a>. <\/p>\n\n\n\nngg_shortcode_0_placeholder","protected":false},"excerpt":{"rendered":"<p>Die M\u00fchle in Brebotte war bis 1999 in Betrieb. Im Jahr 2016 wurde sie vom jetzigen Besitzer \u00fcbernommen und zu einem Ort der Reflexion oder auch der Entspannung ausgebaut. Nebst G\u00e4stezimmern gibt es einen grossen Arbeits- oder Seminarraum, einen Ess- &hellip; <a href=\"https:\/\/moulindereflexion.com\/fr\/\">Continuer la lecture <span class=\"meta-nav\">&rarr;<\/span><\/a><\/p>","protected":false},"author":1,"featured_media":0,"parent":0,"menu_order":0,"comment_status":"closed","ping_status":"closed","template":"","meta":{"ngg_post_thumbnail":0,"footnotes":""},"class_list":["post-2","page","type-page","status-publish","hentry"],"_links":{"self":[{"href":"https:\/\/moulindereflexion.com\/fr\/wp-json\/wp\/v2\/pages\/2","targetHints":{"allow":["GET"]}}],"collection":[{"href":"https:\/\/moulindereflexion.com\/fr\/wp-json\/wp\/v2\/pages"}],"about":[{"href":"https:\/\/moulindereflexion.com\/fr\/wp-json\/wp\/v2\/types\/page"}],"author":[{"embeddable":true,"href":"https:\/\/moulindereflexion.com\/fr\/wp-json\/wp\/v2\/users\/1"}],"replies":[{"embeddable":true,"href":"https:\/\/moulindereflexion.com\/fr\/wp-json\/wp\/v2\/comments?post=2"}],"version-history":[{"count":8,"href":"https:\/\/moulindereflexion.com\/fr\/wp-json\/wp\/v2\/pages\/2\/revisions"}],"predecessor-version":[{"id":307,"href":"https:\/\/moulindereflexion.com\/fr\/wp-json\/wp\/v2\/pages\/2\/revisions\/307"}],"wp:attachment":[{"href":"https:\/\/moulindereflexion.com\/fr\/wp-json\/wp\/v2\/media?parent=2"}],"curies":[{"name":"wp","href":"https:\/\/api.w.org\/{rel}","templated":true}]}}