{"id":26,"date":"2022-11-24T15:51:57","date_gmt":"2022-11-24T14:51:57","guid":{"rendered":"https:\/\/moulindereflexion.com\/?page_id=26"},"modified":"2022-12-29T10:26:00","modified_gmt":"2022-12-29T09:26:00","slug":"gaestezimmer","status":"publish","type":"page","link":"https:\/\/moulindereflexion.com\/fr\/gaestezimmer\/","title":{"rendered":"G\u00e4stezimmer"},"content":{"rendered":"<p>G\u00e4stezimmer k\u00f6nnen f\u00fcr zwei \u00dcbernachtungen oder l\u00e4nger gemietet werden (keine Durchgangsreisenden f\u00fcr eine Nacht). Im Preis eingeschlossen sind die Zutaten f\u00fcr ein einfaches Fr\u00fchst\u00fcck (Kaffee, Tee, Milch, Fruchtsaft, Brot, Butter Konfit\u00fcre, Honig und Jogurt), zum selber zubereiten.<\/p>\n\n\n\n<figure class=\"wp-block-table\"><table><tbody><tr><td><\/td><td>2 N\u00e4chte<\/td><td>1 Woche<\/td><\/tr><tr><td>Einzelzimmer<\/td><td>\u20ac 90<\/td><td>\u20ac 220<\/td><\/tr><tr><td>Doppelzimmer<\/td><td>\u20ac 130<\/td><td> \u20ac 320<\/td><\/tr><tr><td>Dreierzimmer<\/td><td>\u20ac 150<\/td><td>\u20ac 370<\/td><\/tr><\/tbody><\/table><figcaption class=\"wp-element-caption\">Moulin de Reflexion, Brebotte: Zimmerpreise<\/figcaption><\/figure>\n\n\n\n<p>Selbstverst\u00e4ndlich k\u00f6nnen die G\u00e4stezimmer auch f\u00fcr andere Zeitr\u00e4ume (z.B. f\u00fcr 3, 4\u2026 10 \u00dcbernachtungen) gemietet werden. <a href=\"https:\/\/moulindereflexion.com\/fr\/kontakt\/\">Preise auf Anfrage<\/a>.<\/p>\n\n\n\n<p>F\u00fcr Kinder k\u00f6nnen allenfalls zus\u00e4tzliche Matratzen im Zimmer der Eltern zur Verf\u00fcgung gestellt werden.<\/p>\n\n\n\nngg_shortcode_0_placeholder","protected":false},"excerpt":{"rendered":"<p>G\u00e4stezimmer k\u00f6nnen f\u00fcr zwei \u00dcbernachtungen oder l\u00e4nger gemietet werden (keine Durchgangsreisenden f\u00fcr eine Nacht). Im Preis eingeschlossen sind die Zutaten f\u00fcr ein einfaches Fr\u00fchst\u00fcck (Kaffee, Tee, Milch, Fruchtsaft, Brot, Butter Konfit\u00fcre, Honig und Jogurt), zum selber zubereiten. 2 N\u00e4chte 1 &hellip; <a href=\"https:\/\/moulindereflexion.com\/fr\/gaestezimmer\/\">Continuer la lecture <span class=\"meta-nav\">&rarr;<\/span><\/a><\/p>","protected":false},"author":1,"featured_media":0,"parent":0,"menu_order":0,"comment_status":"closed","ping_status":"closed","template":"","meta":{"ngg_post_thumbnail":0,"footnotes":""},"class_list":["post-26","page","type-page","status-publish","hentry"],"_links":{"self":[{"href":"https:\/\/moulindereflexion.com\/fr\/wp-json\/wp\/v2\/pages\/26","targetHints":{"allow":["GET"]}}],"collection":[{"href":"https:\/\/moulindereflexion.com\/fr\/wp-json\/wp\/v2\/pages"}],"about":[{"href":"https:\/\/moulindereflexion.com\/fr\/wp-json\/wp\/v2\/types\/page"}],"author":[{"embeddable":true,"href":"https:\/\/moulindereflexion.com\/fr\/wp-json\/wp\/v2\/users\/1"}],"replies":[{"embeddable":true,"href":"https:\/\/moulindereflexion.com\/fr\/wp-json\/wp\/v2\/comments?post=26"}],"version-history":[{"count":12,"href":"https:\/\/moulindereflexion.com\/fr\/wp-json\/wp\/v2\/pages\/26\/revisions"}],"predecessor-version":[{"id":345,"href":"https:\/\/moulindereflexion.com\/fr\/wp-json\/wp\/v2\/pages\/26\/revisions\/345"}],"wp:attachment":[{"href":"https:\/\/moulindereflexion.com\/fr\/wp-json\/wp\/v2\/media?parent=26"}],"curies":[{"name":"wp","href":"https:\/\/api.w.org\/{rel}","templated":true}]}}