{"id":356,"date":"2022-12-29T14:35:16","date_gmt":"2022-12-29T13:35:16","guid":{"rendered":"https:\/\/moulindereflexion.com\/?page_id=356"},"modified":"2025-04-15T17:23:00","modified_gmt":"2025-04-15T15:23:00","slug":"alphorn","status":"publish","type":"page","link":"https:\/\/moulindereflexion.com\/fr\/alphorn\/","title":{"rendered":"Alphorn"},"content":{"rendered":"<p>Das charakteristische am Alphorn (in Abgrenzung etwa zum Waldhorn) ist nicht nur seine besondere, langgezogene Form, sondern die Beschr\u00e4nkung der spielbaren T\u00f6ne auf die Naturton-Reihe, denn es hat keine Ventile (wie eine Trompete oder ein Waldhorn) um die chromatischen Zwischent\u00f6ne zu erzeugen. Alphorn-Melodien sind gekennzeichnet durch diese Einschr\u00e4nkung. Aufgrund dieser Einschr\u00e4nkung ist es eben auch nicht m\u00f6glich, auf einem Alphorn jede Melodie zu spielen, die sich allenfalls die Zuh\u00f6rerschaft w\u00fcnscht.<\/p>\n\n\n\n<p>Allenfalls k\u00f6nnen bekannte Melodien \/ St\u00fccke leicht abge\u00e4ndert gespielt werden, wie etwa der Choral \u00abHeilig, heilig, heilig\u00bb von Franz Schubert, <a href=\"https:\/\/www.youtube.com\/watch?v=pBJp0PRn0K8\">hier in einem Arrangement f\u00fcr Alph\u00f6rner von Anton Wicky<\/a>. <\/p>\n\n\n\n<figure class=\"wp-block-embed is-type-video is-provider-youtube wp-block-embed-youtube wp-embed-aspect-16-9 wp-has-aspect-ratio\"><div class=\"wp-block-embed__wrapper\">\n<iframe loading=\"lazy\" title=\"Heilig von Anton Wicky\" width=\"584\" height=\"329\" src=\"https:\/\/www.youtube.com\/embed\/pBJp0PRn0K8?feature=oembed\" frameborder=\"0\" allow=\"accelerometer; autoplay; clipboard-write; encrypted-media; gyroscope; picture-in-picture; web-share\" referrerpolicy=\"strict-origin-when-cross-origin\" allowfullscreen><\/iframe>\n<\/div><figcaption class=\"wp-element-caption\">Heilig, Heilig, Heilig, adaptiert f\u00fcr Alph\u00f6rner von Anton Wicki<\/figcaption><\/figure>\n\n\n\n<p>Auch das Arrangement von &#8222;<a href=\"https:\/\/www.youtube.com\/watch?v=yl3NtA_Xymw\">Il Silencio<\/a>&#8220; f\u00fcr drei Alph\u00f6rner geh\u00f6rt in diese Kategorie:<\/p>","protected":false},"excerpt":{"rendered":"<p>Das charakteristische am Alphorn (in Abgrenzung etwa zum Waldhorn) ist nicht nur seine besondere, langgezogene Form, sondern die Beschr\u00e4nkung der spielbaren T\u00f6ne auf die Naturton-Reihe, denn es hat keine Ventile (wie eine Trompete oder ein Waldhorn) um die chromatischen Zwischent\u00f6ne &hellip; <a href=\"https:\/\/moulindereflexion.com\/fr\/alphorn\/\">Continuer la lecture <span class=\"meta-nav\">&rarr;<\/span><\/a><\/p>","protected":false},"author":1,"featured_media":403,"parent":0,"menu_order":0,"comment_status":"closed","ping_status":"closed","template":"","meta":{"ngg_post_thumbnail":0,"footnotes":""},"class_list":["post-356","page","type-page","status-publish","has-post-thumbnail","hentry"],"_links":{"self":[{"href":"https:\/\/moulindereflexion.com\/fr\/wp-json\/wp\/v2\/pages\/356","targetHints":{"allow":["GET"]}}],"collection":[{"href":"https:\/\/moulindereflexion.com\/fr\/wp-json\/wp\/v2\/pages"}],"about":[{"href":"https:\/\/moulindereflexion.com\/fr\/wp-json\/wp\/v2\/types\/page"}],"author":[{"embeddable":true,"href":"https:\/\/moulindereflexion.com\/fr\/wp-json\/wp\/v2\/users\/1"}],"replies":[{"embeddable":true,"href":"https:\/\/moulindereflexion.com\/fr\/wp-json\/wp\/v2\/comments?post=356"}],"version-history":[{"count":9,"href":"https:\/\/moulindereflexion.com\/fr\/wp-json\/wp\/v2\/pages\/356\/revisions"}],"predecessor-version":[{"id":547,"href":"https:\/\/moulindereflexion.com\/fr\/wp-json\/wp\/v2\/pages\/356\/revisions\/547"}],"wp:featuredmedia":[{"embeddable":true,"href":"https:\/\/moulindereflexion.com\/fr\/wp-json\/wp\/v2\/media\/403"}],"wp:attachment":[{"href":"https:\/\/moulindereflexion.com\/fr\/wp-json\/wp\/v2\/media?parent=356"}],"curies":[{"name":"wp","href":"https:\/\/api.w.org\/{rel}","templated":true}]}}