{"id":36,"date":"2022-11-24T16:03:54","date_gmt":"2022-11-24T15:03:54","guid":{"rendered":"https:\/\/moulindereflexion.com\/?page_id=36"},"modified":"2022-12-02T19:10:32","modified_gmt":"2022-12-02T18:10:32","slug":"weitere-angebote","status":"publish","type":"page","link":"https:\/\/moulindereflexion.com\/fr\/weitere-angebote\/","title":{"rendered":"Weitere Angebote"},"content":{"rendered":"<p>Der grosse Seminarraum der Reflexionsm\u00fchle wird regelm\u00e4ssig (mehrmals pro Woche) von der Gruppe \u00ab<a href=\"https:\/\/www.pausebien-etre.com\/\">la pause bien-\u00eatre<\/a>\u00bb f\u00fcr Yoga-Kurse, und gelegentlich f\u00fcr Meditationsabende genutzt. <\/p>\n\n\n\n<p>Die M\u00fchle verf\u00fcgt zudem \u00fcber ein <a href=\"https:\/\/www.pausebien-etre.com\/massages\">Angebot zur Massage im Haus<\/a>. <\/p>\n\n\n\n<p>Gerne nehmen wir Ihre <a href=\"https:\/\/moulindereflexion.com\/fr\/kontakt\/\">Reservationen f\u00fcr diese Angebote<\/a> entgegen. <\/p>","protected":false},"excerpt":{"rendered":"<p>Der grosse Seminarraum der Reflexionsm\u00fchle wird regelm\u00e4ssig (mehrmals pro Woche) von der Gruppe \u00abla pause bien-\u00eatre\u00bb f\u00fcr Yoga-Kurse, und gelegentlich f\u00fcr Meditationsabende genutzt. Die M\u00fchle verf\u00fcgt zudem \u00fcber ein Angebot zur Massage im Haus. Gerne nehmen wir Ihre Reservationen f\u00fcr &hellip; <a href=\"https:\/\/moulindereflexion.com\/fr\/weitere-angebote\/\">Continuer la lecture <span class=\"meta-nav\">&rarr;<\/span><\/a><\/p>","protected":false},"author":1,"featured_media":0,"parent":0,"menu_order":0,"comment_status":"closed","ping_status":"closed","template":"","meta":{"ngg_post_thumbnail":0,"footnotes":""},"class_list":["post-36","page","type-page","status-publish","hentry"],"_links":{"self":[{"href":"https:\/\/moulindereflexion.com\/fr\/wp-json\/wp\/v2\/pages\/36","targetHints":{"allow":["GET"]}}],"collection":[{"href":"https:\/\/moulindereflexion.com\/fr\/wp-json\/wp\/v2\/pages"}],"about":[{"href":"https:\/\/moulindereflexion.com\/fr\/wp-json\/wp\/v2\/types\/page"}],"author":[{"embeddable":true,"href":"https:\/\/moulindereflexion.com\/fr\/wp-json\/wp\/v2\/users\/1"}],"replies":[{"embeddable":true,"href":"https:\/\/moulindereflexion.com\/fr\/wp-json\/wp\/v2\/comments?post=36"}],"version-history":[{"count":4,"href":"https:\/\/moulindereflexion.com\/fr\/wp-json\/wp\/v2\/pages\/36\/revisions"}],"predecessor-version":[{"id":171,"href":"https:\/\/moulindereflexion.com\/fr\/wp-json\/wp\/v2\/pages\/36\/revisions\/171"}],"wp:attachment":[{"href":"https:\/\/moulindereflexion.com\/fr\/wp-json\/wp\/v2\/media?parent=36"}],"curies":[{"name":"wp","href":"https:\/\/api.w.org\/{rel}","templated":true}]}}