{"id":57,"date":"2022-11-24T16:42:32","date_gmt":"2022-11-24T15:42:32","guid":{"rendered":"https:\/\/moulindereflexion.com\/?page_id=57"},"modified":"2026-02-11T11:03:28","modified_gmt":"2026-02-11T10:03:28","slug":"musik","status":"publish","type":"page","link":"https:\/\/moulindereflexion.com\/fr\/musik\/","title":{"rendered":"Musik in der M\u00fchle"},"content":{"rendered":"<p>Die Reflexionsm\u00fchle eignet sich auch f\u00fcr kleinere Musikensembles, welche ein Intensiv-Proben-Wochenende, etwa vor einem Konzert, durchf\u00fchren m\u00f6chten.  <\/p>\n\n\n\n<p>Der M\u00fchlenbesitzer, Vinzenz Morger, spielt selber <a href=\"https:\/\/moulindereflexion.com\/fr\/alphorn\/\">Alphorn<\/a> und Waldhorn. Zusammen mit seinem Musiker-Freund Alain Richard (Blockfl\u00f6te, Klavier) bildet er das \u00abDuo Atypique de Brebotte\u00bb, welches regelm\u00e4ssig in der M\u00fchle probt und gelegentlich kleine Konzerte gibt. Da die Kombination von <a href=\"https:\/\/moulindereflexion.com\/fr\/blockfloete-und-waldhorn\/\">Blockfl\u00f6te und Waldhorn<\/a> \u00e4usserst ungew\u00f6hnlich ist, arrangieren wir gelegentlich bekannte und weniger bekannte Musikst\u00fccke f\u00fcr unser Duo. F\u00fcr die Kombination <a href=\"https:\/\/moulindereflexion.com\/fr\/waldhorn-und-klavier\/\">Waldhorn und Klavier<\/a> gibt es zwar Musik-Literatur, dennoch haben wir auch hierzu Musikst\u00fccke selber arrangiert und selber komponiert.<\/p>\n\n\n\n<p><\/p>\n\n\n\n<h1 class=\"wp-block-heading has-medium-font-size\"><\/h1>","protected":false},"excerpt":{"rendered":"<p>Die Reflexionsm\u00fchle eignet sich auch f\u00fcr kleinere Musikensembles, welche ein Intensiv-Proben-Wochenende, etwa vor einem Konzert, durchf\u00fchren m\u00f6chten. Der M\u00fchlenbesitzer, Vinzenz Morger, spielt selber Alphorn und Waldhorn. Zusammen mit seinem Musiker-Freund Alain Richard (Blockfl\u00f6te, Klavier) bildet er das \u00abDuo Atypique de &hellip; <a href=\"https:\/\/moulindereflexion.com\/fr\/musik\/\">Continuer la lecture <span class=\"meta-nav\">&rarr;<\/span><\/a><\/p>","protected":false},"author":1,"featured_media":443,"parent":0,"menu_order":0,"comment_status":"closed","ping_status":"closed","template":"","meta":{"ngg_post_thumbnail":0,"footnotes":""},"class_list":["post-57","page","type-page","status-publish","has-post-thumbnail","hentry"],"_links":{"self":[{"href":"https:\/\/moulindereflexion.com\/fr\/wp-json\/wp\/v2\/pages\/57","targetHints":{"allow":["GET"]}}],"collection":[{"href":"https:\/\/moulindereflexion.com\/fr\/wp-json\/wp\/v2\/pages"}],"about":[{"href":"https:\/\/moulindereflexion.com\/fr\/wp-json\/wp\/v2\/types\/page"}],"author":[{"embeddable":true,"href":"https:\/\/moulindereflexion.com\/fr\/wp-json\/wp\/v2\/users\/1"}],"replies":[{"embeddable":true,"href":"https:\/\/moulindereflexion.com\/fr\/wp-json\/wp\/v2\/comments?post=57"}],"version-history":[{"count":34,"href":"https:\/\/moulindereflexion.com\/fr\/wp-json\/wp\/v2\/pages\/57\/revisions"}],"predecessor-version":[{"id":550,"href":"https:\/\/moulindereflexion.com\/fr\/wp-json\/wp\/v2\/pages\/57\/revisions\/550"}],"wp:featuredmedia":[{"embeddable":true,"href":"https:\/\/moulindereflexion.com\/fr\/wp-json\/wp\/v2\/media\/443"}],"wp:attachment":[{"href":"https:\/\/moulindereflexion.com\/fr\/wp-json\/wp\/v2\/media?parent=57"}],"curies":[{"name":"wp","href":"https:\/\/api.w.org\/{rel}","templated":true}]}}